{"id":56,"date":"2020-07-14T07:27:47","date_gmt":"2020-07-14T07:27:47","guid":{"rendered":"http:\/\/demoapus-wp1.com\/listdo\/?page_id=56"},"modified":"2026-02-16T05:30:13","modified_gmt":"2026-02-16T08:30:13","slug":"nuestros-locales","status":"publish","type":"page","link":"https:\/\/abudhabiviajes.com\/index.php\/nuestros-locales\/","title":{"rendered":"NUESTROS LOCALES"},"content":{"rendered":"\t\t<div data-elementor-type=\"wp-page\" data-elementor-id=\"56\" class=\"elementor elementor-56\" data-elementor-post-type=\"page\">\n\t\t\t\t\t\t<section class=\"elementor-section elementor-top-section elementor-element elementor-element-09e1570 elementor-section-boxed elementor-section-height-default elementor-section-height-default elementor-invisible\" data-id=\"09e1570\" data-element_type=\"section\" data-settings=\"{&quot;background_background&quot;:&quot;classic&quot;,&quot;animation&quot;:&quot;slideInRight&quot;}\">\n\t\t\t\t\t\t\t<div class=\"elementor-background-overlay\"><\/div>\n\t\t\t\t\t\t\t<div class=\"elementor-container elementor-column-gap-extended\">\n\t\t\t\t\t<div class=\"elementor-column elementor-col-100 elementor-top-column elementor-element elementor-element-c0778f8\" data-id=\"c0778f8\" data-element_type=\"column\">\n\t\t\t<div class=\"elementor-widget-wrap elementor-element-populated\">\n\t\t\t\t\t\t<div class=\"elementor-element elementor-element-2f5d338 elementor-widget elementor-widget-heading\" data-id=\"2f5d338\" data-element_type=\"widget\" data-widget_type=\"heading.default\">\n\t\t\t\t<div class=\"elementor-widget-container\">\n\t\t\t<h2 class=\"elementor-heading-title elementor-size-default\">\u00a1Bienvenidos a nuestra agencia de viajes!<\/h2>\t\t<\/div>\n\t\t\t\t<\/div>\n\t\t\t\t<div class=\"elementor-element elementor-element-300b06a elementor-widget elementor-widget-image\" data-id=\"300b06a\" data-element_type=\"widget\" data-widget_type=\"image.default\">\n\t\t\t\t<div class=\"elementor-widget-container\">\n\t\t\t\t\t\t\t\t\t\t\t\t\t<img decoding=\"async\" width=\"100\" height=\"2\" src=\"https:\/\/abudhabiviajes.com\/wp-content\/uploads\/2020\/07\/line.jpg\" class=\"attachment-full size-full wp-image-207\" alt=\"\" \/>\t\t\t\t\t\t\t\t\t\t\t\t\t<\/div>\n\t\t\t\t<\/div>\n\t\t\t\t<div class=\"elementor-element elementor-element-be97019 elementor-widget elementor-widget-heading\" data-id=\"be97019\" data-element_type=\"widget\" data-widget_type=\"heading.default\">\n\t\t\t\t<div class=\"elementor-widget-container\">\n\t\t\t<div class=\"elementor-heading-title elementor-size-default\">Descubre por qu\u00e9 somos la agencia de viajes perfecta para ti.\n<\/div>\t\t<\/div>\n\t\t\t\t<\/div>\n\t\t\t\t<div class=\"elementor-element elementor-element-d5a673f elementor-widget elementor-widget-text-editor\" data-id=\"d5a673f\" data-element_type=\"widget\" data-widget_type=\"text-editor.default\">\n\t\t\t\t<div class=\"elementor-widget-container\">\n\t\t\t\t\t\t\t<p>Nos especializamos en crear paquetes de viajes personalizados y exclusivos para nuestros clientes. \u00bfTe gustar\u00eda viajar a un lugar ex\u00f3tico que has so\u00f1ado durante a\u00f1os? \u00bfO prefieres explorar un destino inesperado y fuera de lo com\u00fan? Sea cual sea tu preferencia, estamos aqu\u00ed para ayudarte a planificar la aventura de tus sue\u00f1os.<\/p><p>Nos enorgullecemos de ser una agencia de viajes diferente a las dem\u00e1s.<br \/>Trabajamos contigo para crear un itinerario que se adapte perfectamente a tus intereses y presupuesto. Nos tomamos el tiempo de conocerte y entender tus expectativas, para as\u00ed ofrecerte opciones de viajes personalizados y \u00fanicos.<\/p><p>Cada detalle estar\u00e1 cubierto, desde la selecci\u00f3n de alojamiento hasta la programaci\u00f3n de actividades y excursiones, para que puedas disfrutar al m\u00e1ximo de tu viaje y garantizar que cada parte de tu viaje se realice con los m\u00e1s altos est\u00e1ndares de calidad y servicio.<\/p><p>En nuestra agencia de viajes, creemos que cada viaje es una oportunidad para crear recuerdos inolvidables. Perm\u00edtenos ayudarte a hacer realidad tus sue\u00f1os de viaje. Cont\u00e1ctanos hoy para comenzar a planificar tu aventura personalizada y exclusiva.<\/p>\t\t\t\t\t\t<\/div>\n\t\t\t\t<\/div>\n\t\t\t\t\t<\/div>\n\t\t<\/div>\n\t\t\t\t\t<\/div>\n\t\t<\/section>\n\t\t\t\t<section class=\"elementor-section elementor-top-section elementor-element elementor-element-c992611 elementor-section-boxed elementor-section-height-default elementor-section-height-default\" data-id=\"c992611\" data-element_type=\"section\">\n\t\t\t\t\t\t\t<div class=\"elementor-background-overlay\"><\/div>\n\t\t\t\t\t\t\t<div class=\"elementor-container elementor-column-gap-default\">\n\t\t\t\t\t<div class=\"elementor-column elementor-col-50 elementor-top-column elementor-element elementor-element-414c4cb\" data-id=\"414c4cb\" data-element_type=\"column\">\n\t\t\t<div class=\"elementor-widget-wrap elementor-element-populated\">\n\t\t\t\t\t\t<div class=\"elementor-element elementor-element-5a11583 elementor-widget__width-initial elementor-widget elementor-widget-shortcode\" data-id=\"5a11583\" data-element_type=\"widget\" data-widget_type=\"shortcode.default\">\n\t\t\t\t<div class=\"elementor-widget-container\">\n\t\t\t\t\t<div class=\"elementor-shortcode\">            <div class=\"oxi-addons-container noLightbox oxi-image-hover-wrapper-2 \" id=\"oxi-image-hover-wrapper-2\">\n                <div class=\"oxi-addons-row\">\n                                <div class=\"oxi-image-hover-style oxi-bt-col-lg-12 oxi-bt-col-md-12 oxi-bt-col-sm-12                         \" sa-data-animation=\"zoomIn\" sa-data-animation-offset=\"100%\" sa-data-animation-delay=\"0ms\" sa-data-animation-duration=\"1000ms\">\n                <div class=\"oxi-image-hover-style-general\">\n                    <div class=\"oxi-image-hover oxi-image-general-hover oxi-image-general-hover-style-5 oxi-image-general-hover-2-11\">\n                                                    <div class=\"oxi-image-hover-figure left_to_right\">\n                                <div class=\"oxi-image-hover-image\">\n                                    <img decoding=\"async\" src=\"https:\/\/abudhabiviajes.com\/wp-content\/uploads\/2025\/10\/PHOTO-2025-10-03-16-22-20-2.jpg\" >\n                                <\/div>\n                                <div class=\"oxi-image-hover-figure-content\">\n                                    <div class=\"oxi-image-hover-figure-caption\">\n                                        <div class=\"oxi-image-hover-caption-tab   image-hover-align-center-center\">\n                                                                                            <div class=\"oxi-image-hover-button iheu-fade-up \">\n                                                    <a  href=\"https:\/\/wa.me\/5493415552234\" target=\"_blank\" class=\"oxi-image-btn\">CONTACTAR<\/a>\n                                                <\/div>\n                                                                                                                                    <\/div>\n                                    <\/div>\n                                <\/div>\n                            <\/div>\n                                                <\/div>\n                <\/div>\n                            <\/div>\n                            <\/div>\n            <\/div>\n\t\t\t<\/div>\n\t\t\t\t<\/div>\n\t\t\t\t<\/div>\n\t\t\t\t\t<\/div>\n\t\t<\/div>\n\t\t\t\t<div class=\"elementor-column elementor-col-50 elementor-top-column elementor-element elementor-element-1647929\" data-id=\"1647929\" data-element_type=\"column\">\n\t\t\t<div class=\"elementor-widget-wrap elementor-element-populated\">\n\t\t\t\t\t\t<div class=\"elementor-element elementor-element-ea21414 elementor-widget elementor-widget-google_maps\" data-id=\"ea21414\" data-element_type=\"widget\" data-widget_type=\"google_maps.default\">\n\t\t\t\t<div class=\"elementor-widget-container\">\n\t\t\t\t\t<div class=\"elementor-custom-embed\">\n\t\t\t<iframe loading=\"lazy\"\n\t\t\t\t\tsrc=\"https:\/\/maps.google.com\/maps?q=Sta%20Fe%201700%2C%20rosario&#038;t=m&#038;z=15&#038;output=embed&#038;iwloc=near\"\n\t\t\t\t\ttitle=\"Sta Fe 1700, rosario\"\n\t\t\t\t\taria-label=\"Sta Fe 1700, rosario\"\n\t\t\t><\/iframe>\n\t\t<\/div>\n\t\t\t\t<\/div>\n\t\t\t\t<\/div>\n\t\t\t\t\t<\/div>\n\t\t<\/div>\n\t\t\t\t\t<\/div>\n\t\t<\/section>\n\t\t\t\t<section class=\"elementor-section elementor-top-section elementor-element elementor-element-81583a4 elementor-reverse-tablet elementor-reverse-mobile elementor-section-boxed elementor-section-height-default elementor-section-height-default\" data-id=\"81583a4\" data-element_type=\"section\">\n\t\t\t\t\t\t<div class=\"elementor-container elementor-column-gap-default\">\n\t\t\t\t\t<div class=\"elementor-column elementor-col-50 elementor-top-column elementor-element elementor-element-31c4e23\" data-id=\"31c4e23\" data-element_type=\"column\">\n\t\t\t<div class=\"elementor-widget-wrap elementor-element-populated\">\n\t\t\t\t\t\t<div class=\"elementor-element elementor-element-2621e77 elementor-widget elementor-widget-google_maps\" data-id=\"2621e77\" data-element_type=\"widget\" data-widget_type=\"google_maps.default\">\n\t\t\t\t<div class=\"elementor-widget-container\">\n\t\t\t\t\t<div class=\"elementor-custom-embed\">\n\t\t\t<iframe loading=\"lazy\"\n\t\t\t\t\tsrc=\"https:\/\/maps.google.com\/maps?q=Juan%20Pablo%20II%20bis%201740%20rosario&#038;t=m&#038;z=15&#038;output=embed&#038;iwloc=near\"\n\t\t\t\t\ttitle=\"Juan Pablo II bis 1740 rosario\"\n\t\t\t\t\taria-label=\"Juan Pablo II bis 1740 rosario\"\n\t\t\t><\/iframe>\n\t\t<\/div>\n\t\t\t\t<\/div>\n\t\t\t\t<\/div>\n\t\t\t\t\t<\/div>\n\t\t<\/div>\n\t\t\t\t<div class=\"elementor-column elementor-col-50 elementor-top-column elementor-element elementor-element-e47ee13\" data-id=\"e47ee13\" data-element_type=\"column\">\n\t\t\t<div class=\"elementor-widget-wrap elementor-element-populated\">\n\t\t\t\t\t\t<div class=\"elementor-element elementor-element-a0e6350 elementor-widget__width-initial elementor-widget elementor-widget-shortcode\" data-id=\"a0e6350\" data-element_type=\"widget\" data-widget_type=\"shortcode.default\">\n\t\t\t\t<div class=\"elementor-widget-container\">\n\t\t\t\t\t<div class=\"elementor-shortcode\">            <div class=\"oxi-addons-container noLightbox oxi-image-hover-wrapper-3 \" id=\"oxi-image-hover-wrapper-3\">\n                <div class=\"oxi-addons-row\">\n                                <div class=\"oxi-image-hover-style oxi-bt-col-lg-12 oxi-bt-col-md-12 oxi-bt-col-sm-12                         \" sa-data-animation=\"zoomIn\" sa-data-animation-offset=\"100%\" sa-data-animation-delay=\"0ms\" sa-data-animation-duration=\"1000ms\">\n                <div class=\"oxi-image-hover-style-general\">\n                    <div class=\"oxi-image-hover oxi-image-general-hover oxi-image-general-hover-style-5 oxi-image-general-hover-3-13\">\n                                                    <div class=\"oxi-image-hover-figure left_to_right\">\n                                <div class=\"oxi-image-hover-image\">\n                                    <img decoding=\"async\" src=\"https:\/\/abudhabiviajes.com\/wp-content\/uploads\/2025\/10\/PHOTO-2025-10-03-16-22-21-2.jpg\" >\n                                <\/div>\n                                <div class=\"oxi-image-hover-figure-content\">\n                                    <div class=\"oxi-image-hover-figure-caption\">\n                                        <div class=\"oxi-image-hover-caption-tab   image-hover-align-center-center\">\n                                                                                            <div class=\"oxi-image-hover-button iheu-fade-up \">\n                                                    <a  href=\"https:\/\/wa.me\/5493413019636\" target=\"_blank\" class=\"oxi-image-btn\">CONTACTAR<\/a>\n                                                <\/div>\n                                                                                                                                    <\/div>\n                                    <\/div>\n                                <\/div>\n                            <\/div>\n                                                <\/div>\n                <\/div>\n                            <\/div>\n                            <\/div>\n            <\/div>\n\t\t\t<\/div>\n\t\t\t\t<\/div>\n\t\t\t\t<\/div>\n\t\t\t\t\t<\/div>\n\t\t<\/div>\n\t\t\t\t\t<\/div>\n\t\t<\/section>\n\t\t\t\t<section class=\"elementor-section elementor-top-section elementor-element elementor-element-715be74 elementor-section-stretched elementor-section-full_width elementor-section-height-default elementor-section-height-default elementor-invisible\" data-id=\"715be74\" data-element_type=\"section\" data-settings=\"{&quot;stretch_section&quot;:&quot;section-stretched&quot;,&quot;background_background&quot;:&quot;classic&quot;,&quot;animation&quot;:&quot;slideInRight&quot;}\">\n\t\t\t\t\t\t\t<div class=\"elementor-background-overlay\"><\/div>\n\t\t\t\t\t\t\t<div class=\"elementor-container elementor-column-gap-extended\">\n\t\t\t\t\t<div class=\"elementor-column elementor-col-33 elementor-top-column elementor-element elementor-element-31bad9e\" data-id=\"31bad9e\" data-element_type=\"column\">\n\t\t\t<div class=\"elementor-widget-wrap elementor-element-populated\">\n\t\t\t\t\t\t<div class=\"elementor-element elementor-element-e5a2c3b elementor-widget elementor-widget-counter\" data-id=\"e5a2c3b\" data-element_type=\"widget\" data-widget_type=\"counter.default\">\n\t\t\t\t<div class=\"elementor-widget-container\">\n\t\t\t\t\t<div class=\"elementor-counter\">\n\t\t\t<div class=\"elementor-counter-number-wrapper\">\n\t\t\t\t\t\t\t\t<span class=\"elementor-counter-number-prefix\"><\/span>\n\t\t\t\t<span class=\"elementor-counter-number\" data-duration=\"2000\" data-to-value=\"10678\" data-from-value=\"0\" data-delimiter=\",\">0<\/span>\n\t\t\t\t<span class=\"elementor-counter-number-suffix\"><\/span>\n\t\t\t<\/div>\n\t\t\t\t\t\t\t<div class=\"elementor-counter-title\">Paquetes Vendidos<\/div>\n\t\t\t\t\t<\/div>\n\t\t\t\t<\/div>\n\t\t\t\t<\/div>\n\t\t\t\t\t<\/div>\n\t\t<\/div>\n\t\t\t\t<div class=\"elementor-column elementor-col-33 elementor-top-column elementor-element elementor-element-4599ffd\" data-id=\"4599ffd\" data-element_type=\"column\">\n\t\t\t<div class=\"elementor-widget-wrap elementor-element-populated\">\n\t\t\t\t\t\t<div class=\"elementor-element elementor-element-bef67b0 elementor-widget elementor-widget-counter\" data-id=\"bef67b0\" data-element_type=\"widget\" data-widget_type=\"counter.default\">\n\t\t\t\t<div class=\"elementor-widget-container\">\n\t\t\t\t\t<div class=\"elementor-counter\">\n\t\t\t<div class=\"elementor-counter-number-wrapper\">\n\t\t\t\t\t\t\t\t<span class=\"elementor-counter-number-prefix\"><\/span>\n\t\t\t\t<span class=\"elementor-counter-number\" data-duration=\"2000\" data-to-value=\"15456\" data-from-value=\"0\" data-delimiter=\",\">0<\/span>\n\t\t\t\t<span class=\"elementor-counter-number-suffix\"><\/span>\n\t\t\t<\/div>\n\t\t\t\t\t\t\t<div class=\"elementor-counter-title\">Personas Felices<\/div>\n\t\t\t\t\t<\/div>\n\t\t\t\t<\/div>\n\t\t\t\t<\/div>\n\t\t\t\t\t<\/div>\n\t\t<\/div>\n\t\t\t\t<div class=\"elementor-column elementor-col-33 elementor-top-column elementor-element elementor-element-f110e21\" data-id=\"f110e21\" data-element_type=\"column\">\n\t\t\t<div class=\"elementor-widget-wrap elementor-element-populated\">\n\t\t\t\t\t\t<div class=\"elementor-element elementor-element-00cf8cd elementor-widget elementor-widget-counter\" data-id=\"00cf8cd\" data-element_type=\"widget\" data-widget_type=\"counter.default\">\n\t\t\t\t<div class=\"elementor-widget-container\">\n\t\t\t\t\t<div class=\"elementor-counter\">\n\t\t\t<div class=\"elementor-counter-number-wrapper\">\n\t\t\t\t\t\t\t\t<span class=\"elementor-counter-number-prefix\"><\/span>\n\t\t\t\t<span class=\"elementor-counter-number\" data-duration=\"2000\" data-to-value=\"3890\" data-from-value=\"0\" data-delimiter=\" \">0<\/span>\n\t\t\t\t<span class=\"elementor-counter-number-suffix\"><\/span>\n\t\t\t<\/div>\n\t\t\t\t\t\t\t<div class=\"elementor-counter-title\">Destinos Alcanzados<\/div>\n\t\t\t\t\t<\/div>\n\t\t\t\t<\/div>\n\t\t\t\t<\/div>\n\t\t\t\t\t<\/div>\n\t\t<\/div>\n\t\t\t\t\t<\/div>\n\t\t<\/section>\n\t\t\t\t<\/div>\n\t\t","protected":false},"excerpt":{"rendered":"<p>\u00a1Bienvenidos a nuestra agencia de viajes! Descubre por qu\u00e9 somos la agencia de viajes perfecta para ti. Nos especializamos en crear paquetes de viajes personalizados y exclusivos para nuestros clientes. \u00bfTe gustar\u00eda viajar a un lugar ex\u00f3tico que has so\u00f1ado durante a\u00f1os? \u00bfO prefieres explorar un destino inesperado y fuera de lo com\u00fan? Sea cual [&hellip;]<\/p>\n","protected":false},"author":1,"featured_media":0,"parent":0,"menu_order":0,"comment_status":"closed","ping_status":"closed","template":"","meta":{"footnotes":""},"yoast_head":"<!-- This site is optimized with the Yoast SEO plugin v24.0 - https:\/\/yoast.com\/wordpress\/plugins\/seo\/ -->\n<title>NUESTROS LOCALES - ABU DHABI VIAJES<\/title>\n<meta name=\"description\" content=\"Nos especializamos en crear paquetes de viajes personalizados y exclusivos para nuestros clientes. \u00bfTe gustar\u00eda viajar a un lugar ex\u00f3tico que has so\u00f1ado durante a\u00f1os? \u00bfO prefieres explorar un destino inesperado y fuera de lo com\u00fan? Sea cual sea tu preferencia, estamos aqu\u00ed para ayudarte a planificar la aventura de tus sue\u00f1os.\" \/>\n<meta name=\"robots\" content=\"index, follow, max-snippet:-1, max-image-preview:large, max-video-preview:-1\" \/>\n<link rel=\"canonical\" href=\"https:\/\/abudhabiviajes.com\/index.php\/nuestros-locales\/\" \/>\n<meta property=\"og:locale\" content=\"es_ES\" \/>\n<meta property=\"og:type\" content=\"article\" \/>\n<meta property=\"og:title\" content=\"NUESTROS LOCALES - ABU DHABI VIAJES\" \/>\n<meta property=\"og:description\" content=\"Nos especializamos en crear paquetes de viajes personalizados y exclusivos para nuestros clientes. \u00bfTe gustar\u00eda viajar a un lugar ex\u00f3tico que has so\u00f1ado durante a\u00f1os? \u00bfO prefieres explorar un destino inesperado y fuera de lo com\u00fan? Sea cual sea tu preferencia, estamos aqu\u00ed para ayudarte a planificar la aventura de tus sue\u00f1os.\" \/>\n<meta property=\"og:url\" content=\"https:\/\/abudhabiviajes.com\/index.php\/nuestros-locales\/\" \/>\n<meta property=\"og:site_name\" content=\"ABU DHABI VIAJES\" \/>\n<meta property=\"article:modified_time\" content=\"2026-02-16T08:30:13+00:00\" \/>\n<meta property=\"og:image\" content=\"https:\/\/abudhabiviajes.com\/wp-content\/uploads\/2020\/07\/line.jpg\" \/>\n<meta name=\"twitter:card\" content=\"summary_large_image\" \/>\n<meta name=\"twitter:label1\" content=\"Tiempo de lectura\" \/>\n\t<meta name=\"twitter:data1\" content=\"2 minutos\" \/>\n<script type=\"application\/ld+json\" class=\"yoast-schema-graph\">{\"@context\":\"https:\/\/schema.org\",\"@graph\":[{\"@type\":\"WebPage\",\"@id\":\"https:\/\/abudhabiviajes.com\/index.php\/nuestros-locales\/\",\"url\":\"https:\/\/abudhabiviajes.com\/index.php\/nuestros-locales\/\",\"name\":\"NUESTROS LOCALES - ABU DHABI VIAJES\",\"isPartOf\":{\"@id\":\"https:\/\/abudhabiviajes.com\/#website\"},\"primaryImageOfPage\":{\"@id\":\"https:\/\/abudhabiviajes.com\/index.php\/nuestros-locales\/#primaryimage\"},\"image\":{\"@id\":\"https:\/\/abudhabiviajes.com\/index.php\/nuestros-locales\/#primaryimage\"},\"thumbnailUrl\":\"https:\/\/abudhabiviajes.com\/wp-content\/uploads\/2020\/07\/line.jpg\",\"datePublished\":\"2020-07-14T07:27:47+00:00\",\"dateModified\":\"2026-02-16T08:30:13+00:00\",\"description\":\"Nos especializamos en crear paquetes de viajes personalizados y exclusivos para nuestros clientes. \u00bfTe gustar\u00eda viajar a un lugar ex\u00f3tico que has so\u00f1ado durante a\u00f1os? \u00bfO prefieres explorar un destino inesperado y fuera de lo com\u00fan? Sea cual sea tu preferencia, estamos aqu\u00ed para ayudarte a planificar la aventura de tus sue\u00f1os.\",\"breadcrumb\":{\"@id\":\"https:\/\/abudhabiviajes.com\/index.php\/nuestros-locales\/#breadcrumb\"},\"inLanguage\":\"es\",\"potentialAction\":[{\"@type\":\"ReadAction\",\"target\":[\"https:\/\/abudhabiviajes.com\/index.php\/nuestros-locales\/\"]}]},{\"@type\":\"ImageObject\",\"inLanguage\":\"es\",\"@id\":\"https:\/\/abudhabiviajes.com\/index.php\/nuestros-locales\/#primaryimage\",\"url\":\"https:\/\/abudhabiviajes.com\/wp-content\/uploads\/2020\/07\/line.jpg\",\"contentUrl\":\"https:\/\/abudhabiviajes.com\/wp-content\/uploads\/2020\/07\/line.jpg\",\"width\":100,\"height\":2},{\"@type\":\"BreadcrumbList\",\"@id\":\"https:\/\/abudhabiviajes.com\/index.php\/nuestros-locales\/#breadcrumb\",\"itemListElement\":[{\"@type\":\"ListItem\",\"position\":1,\"name\":\"Portada\",\"item\":\"https:\/\/abudhabiviajes.com\/\"},{\"@type\":\"ListItem\",\"position\":2,\"name\":\"NUESTROS LOCALES\"}]},{\"@type\":\"WebSite\",\"@id\":\"https:\/\/abudhabiviajes.com\/#website\",\"url\":\"https:\/\/abudhabiviajes.com\/\",\"name\":\"ABU DHABI VIAJES\",\"description\":\"Viajes &amp; Turismo\",\"potentialAction\":[{\"@type\":\"SearchAction\",\"target\":{\"@type\":\"EntryPoint\",\"urlTemplate\":\"https:\/\/abudhabiviajes.com\/?s={search_term_string}\"},\"query-input\":{\"@type\":\"PropertyValueSpecification\",\"valueRequired\":true,\"valueName\":\"search_term_string\"}}],\"inLanguage\":\"es\"}]}<\/script>\n<!-- \/ Yoast SEO plugin. -->","yoast_head_json":{"title":"NUESTROS LOCALES - ABU DHABI VIAJES","description":"Nos especializamos en crear paquetes de viajes personalizados y exclusivos para nuestros clientes. \u00bfTe gustar\u00eda viajar a un lugar ex\u00f3tico que has so\u00f1ado durante a\u00f1os? \u00bfO prefieres explorar un destino inesperado y fuera de lo com\u00fan? Sea cual sea tu preferencia, estamos aqu\u00ed para ayudarte a planificar la aventura de tus sue\u00f1os.","robots":{"index":"index","follow":"follow","max-snippet":"max-snippet:-1","max-image-preview":"max-image-preview:large","max-video-preview":"max-video-preview:-1"},"canonical":"https:\/\/abudhabiviajes.com\/index.php\/nuestros-locales\/","og_locale":"es_ES","og_type":"article","og_title":"NUESTROS LOCALES - ABU DHABI VIAJES","og_description":"Nos especializamos en crear paquetes de viajes personalizados y exclusivos para nuestros clientes. \u00bfTe gustar\u00eda viajar a un lugar ex\u00f3tico que has so\u00f1ado durante a\u00f1os? \u00bfO prefieres explorar un destino inesperado y fuera de lo com\u00fan? Sea cual sea tu preferencia, estamos aqu\u00ed para ayudarte a planificar la aventura de tus sue\u00f1os.","og_url":"https:\/\/abudhabiviajes.com\/index.php\/nuestros-locales\/","og_site_name":"ABU DHABI VIAJES","article_modified_time":"2026-02-16T08:30:13+00:00","og_image":[{"url":"https:\/\/abudhabiviajes.com\/wp-content\/uploads\/2020\/07\/line.jpg","type":"","width":"","height":""}],"twitter_card":"summary_large_image","twitter_misc":{"Tiempo de lectura":"2 minutos"},"schema":{"@context":"https:\/\/schema.org","@graph":[{"@type":"WebPage","@id":"https:\/\/abudhabiviajes.com\/index.php\/nuestros-locales\/","url":"https:\/\/abudhabiviajes.com\/index.php\/nuestros-locales\/","name":"NUESTROS LOCALES - ABU DHABI VIAJES","isPartOf":{"@id":"https:\/\/abudhabiviajes.com\/#website"},"primaryImageOfPage":{"@id":"https:\/\/abudhabiviajes.com\/index.php\/nuestros-locales\/#primaryimage"},"image":{"@id":"https:\/\/abudhabiviajes.com\/index.php\/nuestros-locales\/#primaryimage"},"thumbnailUrl":"https:\/\/abudhabiviajes.com\/wp-content\/uploads\/2020\/07\/line.jpg","datePublished":"2020-07-14T07:27:47+00:00","dateModified":"2026-02-16T08:30:13+00:00","description":"Nos especializamos en crear paquetes de viajes personalizados y exclusivos para nuestros clientes. \u00bfTe gustar\u00eda viajar a un lugar ex\u00f3tico que has so\u00f1ado durante a\u00f1os? \u00bfO prefieres explorar un destino inesperado y fuera de lo com\u00fan? Sea cual sea tu preferencia, estamos aqu\u00ed para ayudarte a planificar la aventura de tus sue\u00f1os.","breadcrumb":{"@id":"https:\/\/abudhabiviajes.com\/index.php\/nuestros-locales\/#breadcrumb"},"inLanguage":"es","potentialAction":[{"@type":"ReadAction","target":["https:\/\/abudhabiviajes.com\/index.php\/nuestros-locales\/"]}]},{"@type":"ImageObject","inLanguage":"es","@id":"https:\/\/abudhabiviajes.com\/index.php\/nuestros-locales\/#primaryimage","url":"https:\/\/abudhabiviajes.com\/wp-content\/uploads\/2020\/07\/line.jpg","contentUrl":"https:\/\/abudhabiviajes.com\/wp-content\/uploads\/2020\/07\/line.jpg","width":100,"height":2},{"@type":"BreadcrumbList","@id":"https:\/\/abudhabiviajes.com\/index.php\/nuestros-locales\/#breadcrumb","itemListElement":[{"@type":"ListItem","position":1,"name":"Portada","item":"https:\/\/abudhabiviajes.com\/"},{"@type":"ListItem","position":2,"name":"NUESTROS LOCALES"}]},{"@type":"WebSite","@id":"https:\/\/abudhabiviajes.com\/#website","url":"https:\/\/abudhabiviajes.com\/","name":"ABU DHABI VIAJES","description":"Viajes &amp; Turismo","potentialAction":[{"@type":"SearchAction","target":{"@type":"EntryPoint","urlTemplate":"https:\/\/abudhabiviajes.com\/?s={search_term_string}"},"query-input":{"@type":"PropertyValueSpecification","valueRequired":true,"valueName":"search_term_string"}}],"inLanguage":"es"}]}},"_links":{"self":[{"href":"https:\/\/abudhabiviajes.com\/index.php\/wp-json\/wp\/v2\/pages\/56"}],"collection":[{"href":"https:\/\/abudhabiviajes.com\/index.php\/wp-json\/wp\/v2\/pages"}],"about":[{"href":"https:\/\/abudhabiviajes.com\/index.php\/wp-json\/wp\/v2\/types\/page"}],"author":[{"embeddable":true,"href":"https:\/\/abudhabiviajes.com\/index.php\/wp-json\/wp\/v2\/users\/1"}],"replies":[{"embeddable":true,"href":"https:\/\/abudhabiviajes.com\/index.php\/wp-json\/wp\/v2\/comments?post=56"}],"version-history":[{"count":180,"href":"https:\/\/abudhabiviajes.com\/index.php\/wp-json\/wp\/v2\/pages\/56\/revisions"}],"predecessor-version":[{"id":5292,"href":"https:\/\/abudhabiviajes.com\/index.php\/wp-json\/wp\/v2\/pages\/56\/revisions\/5292"}],"wp:attachment":[{"href":"https:\/\/abudhabiviajes.com\/index.php\/wp-json\/wp\/v2\/media?parent=56"}],"curies":[{"name":"wp","href":"https:\/\/api.w.org\/{rel}","templated":true}]}}